{"id":430,"date":"2018-08-03T08:46:18","date_gmt":"2018-08-03T06:46:18","guid":{"rendered":"https:\/\/attika.qodeinteractive.com\/?page_id=430"},"modified":"2026-03-31T20:11:37","modified_gmt":"2026-03-31T18:11:37","slug":"contact","status":"publish","type":"page","link":"https:\/\/restaurant-ama.fr\/index.php\/contact\/","title":{"rendered":"Contact"},"content":{"rendered":"<p>[vc_row][vc_column][vc_column_text][\/vc_column_text][\/vc_column][\/vc_row][vc_row content_placement=\u00a0\u00bbbottom\u00a0\u00bb row_content_width=\u00a0\u00bbgrid\u00a0\u00bb disable_background_image=\u00a0\u00bb\u00a0\u00bb css=\u00a0\u00bb.vc_custom_1674610696521{padding-top: 130px !important;}\u00a0\u00bb simple_background_image=\u00a0\u00bb3627&Prime;][vc_column width=\u00a0\u00bb5\/6&Prime; offset=\u00a0\u00bbvc_col-lg-4 vc_col-md-6 vc_col-xs-12&Prime;]<div class=\"mkdf-elements-holder   mkdf-one-column  mkdf-responsive-mode-768 \" ><div class=\"mkdf-eh-item    \"  data-item-class=\"mkdf-eh-custom-6008\" data-1367-1600=\"0 0 0px 0\" data-1025-1366=\"0 0 0px 0\" data-769-1024=\"0 0 0px 0\" data-681-768=\"0 0 20px 0\" data-680=\"0 0 30px 0\">\n\t<div class=\"mkdf-eh-item-inner\">\n\t\t<div class=\"mkdf-eh-item-content mkdf-eh-custom-6008\" style=\"padding: 0 0 0px 0\">\n\t\t\t<div class=\"mkdf-section-title-holder  mkdf-st-standard mkdf-st-title-left mkdf-st-normal-space \" style=\"text-align: left\">\n\t<div class=\"mkdf-st-inner\">\n\t\t\t\t\t<h2 class=\"mkdf-st-title\" >\n\t\t\t\tContactez<br \/> nous\t\t\t<\/h2>\n\t\t    <span class=\"mkdf-st-line\" style=\"margin: 50px 14% 5% 20%; height: 120px\"><\/span>\n    <div class=\"mkdf-st-text\" style=\"margin-top: 45px\">\n        \n<div class=\"page\" title=\"Page 1\">\n<div class=\"layoutArea\">\n<div class=\"column\">\n<p>6 Alle\u0301e Anne de Neubourg<\/p>\n<p>64250 CAMBO LES BAINS<\/p>\n<\/div>\n<\/div>\n<\/div>\n    <\/div>\n\t<\/div>\n<\/div>\t\t<\/div>\n\t<\/div>\n<\/div><\/div>[\/vc_column][vc_column width=\u00a0\u00bb1\/12&Prime; offset=\u00a0\u00bbvc_hidden-md vc_hidden-xs\u00a0\u00bb][\/vc_column][vc_column width=\u00a0\u00bb1\/3&Prime; offset=\u00a0\u00bbvc_col-lg-2 vc_col-md-3&Prime;][vc_column_text css=\u00a0\u00bb.vc_custom_1674611686422{background-color: #ffffff !important;}\u00a0\u00bb]<\/p>\n<p style=\"text-align: center;\"><strong>T\u00e9l\u00e9phone :<\/strong><\/p>\n<div class=\"page\" title=\"Page 1\">\n<div class=\"layoutArea\">\n<div class=\"column\">\n<p style=\"text-align: center;\">05 59 29 22 29<\/p>\n<\/div>\n<\/div>\n<\/div>\n<p>[\/vc_column_text][vc_empty_space height=\u00a0\u00bb50px\u00a0\u00bb][\/vc_column][vc_column width=\u00a0\u00bb1\/2&Prime; offset=\u00a0\u00bbvc_col-lg-4 vc_col-md-3&Prime;][vc_column_text css=\u00a0\u00bb.vc_custom_1774980695126{background-color: #ffffff !important;}\u00a0\u00bb]<\/p>\n<p style=\"text-align: center;\"><strong>Bon Cadeau :<\/strong><\/p>\n<p style=\"text-align: center;\">Nous proposons des bons cadeau pour 2 Menus D\u00e9gustation (valeur 140\u20ac).<\/p>\n<p style=\"text-align: center;\">A r\u00e9cup\u00e9rer sur place ou par mail.<\/p>\n<p>[\/vc_column_text][vc_column_text css=\u00a0\u00bb.vc_custom_1721251339187{background-color: #ffffff !important;}\u00a0\u00bb]<\/p>\n<p style=\"text-align: center;\"><strong>E-mail :<\/strong><\/p>\n<p style=\"text-align: center;\">(toute r\u00e9servation par mail devra \u00eatre confirm\u00e9e par nos soins)<\/p>\n<div class=\"page\" title=\"restaurant-ama@outlook.fr\">\n<div class=\"layoutArea\">\n<div class=\"column\">\n<p style=\"text-align: center;\"><a href=\"mailto:restaurant-ama@outlook.fr\">restaurant-ama@outlook.fr<\/a><\/p>\n<\/div>\n<\/div>\n<\/div>\n<p>[\/vc_column_text][vc_empty_space height=\u00a0\u00bb50px\u00a0\u00bb][\/vc_column][\/vc_row][vc_row content_placement=\u00a0\u00bbmiddle\u00a0\u00bb][vc_column width=\u00a0\u00bb1\/3&Prime;][\/vc_column][vc_column width=\u00a0\u00bb1\/3&Prime;][vc_column_text]<strong>Fermeture Hebdomadaire : Dimanche soir, Lundi et Mardi<\/strong>[\/vc_column_text][\/vc_column][vc_column width=\u00a0\u00bb1\/3&Prime;][\/vc_column][\/vc_row][vc_row][vc_column][vc_gmaps link=\u00a0\u00bb#E-8_JTNDaWZyYW1lJTIwc3JjJTNEJTIyaHR0cHMlM0ElMkYlMkZ3d3cuZ29vZ2xlLmNvbSUyRm1hcHMlMkZlbWJlZCUzRnBiJTNEJTIxMW0xOCUyMTFtMTIlMjExbTMlMjExZDI5MDAuODc2MDcyOTEyMTA3MiUyMTJkLTEuMzk5NzM0MDgzNzMwNzQ0JTIxM2Q0My4zNTg3MDI3NzkxMzI0OSUyMTJtMyUyMTFmMCUyMTJmMCUyMTNmMCUyMTNtMiUyMTFpMTAyNCUyMTJpNzY4JTIxNGYxMy4xJTIxM20zJTIxMW0yJTIxMXMweGQ1MTNhZjg2MjBiY2E5ZCUyNTNBMHhiOTJhNTQ3ODU2NDA2ZjU0JTIxMnM2JTI1MjBBbGwuJTI1MjBBbm5lJTI1MjBkZSUyNTIwTmV1Ym91cmclMjUyQyUyNTIwNjQyNTAlMjUyMENhbWJvLWxlcy1CYWlucyUyMTVlMCUyMTNtMiUyMTFzZnIlMjEyc2ZyJTIxNHYxNjU5MDgwNzY1MjYwJTIxNW0yJTIxMXNmciUyMTJzZnIlMjIlMjB3aWR0aCUzRCUyMjYwMCUyMiUyMGhlaWdodCUzRCUyMjQ1MCUyMiUyMHN0eWxlJTNEJTIyYm9yZGVyJTNBMCUzQiUyMiUyMGFsbG93ZnVsbHNjcmVlbiUzRCUyMiUyMiUyMGxvYWRpbmclM0QlMjJsYXp5JTIyJTIwcmVmZXJyZXJwb2xpY3klM0QlMjJuby1yZWZlcnJlci13aGVuLWRvd25ncmFkZSUyMiUzRSUzQyUyRmlmcmFtZSUzRQ==\u00a0\u00bb][\/vc_column][\/vc_row]<\/p>\n","protected":false},"excerpt":{"rendered":"<p>[vc_row][vc_column][vc_column_text][\/vc_column_text][\/vc_column][\/vc_row][vc_row content_placement=\u00a0\u00bbbottom\u00a0\u00bb row_content_width=\u00a0\u00bbgrid\u00a0\u00bb disable_background_image=\u00a0\u00bb\u00a0\u00bb css=\u00a0\u00bb.vc_custom_1674610696521{padding-top: 130px !important;}\u00a0\u00bb simple_background_image=\u00a0\u00bb3627&Prime;][vc_column width=\u00a0\u00bb5\/6&Prime; offset=\u00a0\u00bbvc_col-lg-4 vc_col-md-6 vc_col-xs-12&Prime;][\/vc_column][vc_column width=\u00a0\u00bb1\/12&Prime; offset=\u00a0\u00bbvc_hidden-md vc_hidden-xs\u00a0\u00bb][\/vc_column][vc_column width=\u00a0\u00bb1\/3&Prime; offset=\u00a0\u00bbvc_col-lg-2 vc_col-md-3&Prime;][vc_column_text css=\u00a0\u00bb.vc_custom_1674611686422{background-color: #ffffff !important;}\u00a0\u00bb] T\u00e9l\u00e9phone : 05 59 29 22 29 [\/vc_column_text][vc_empty_space height=\u00a0\u00bb50px\u00a0\u00bb][\/vc_column][vc_column width=\u00a0\u00bb1\/2&Prime; offset=\u00a0\u00bbvc_col-lg-4 vc_col-md-3&Prime;][vc_column_text css=\u00a0\u00bb.vc_custom_1774980695126{background-color: #ffffff !important;}\u00a0\u00bb] Bon Cadeau : Nous [&hellip;]<\/p>\n","protected":false},"author":2,"featured_media":0,"parent":0,"menu_order":0,"comment_status":"closed","ping_status":"closed","template":"full-width.php","meta":{"_monsterinsights_skip_tracking":false,"_monsterinsights_sitenote_active":false,"_monsterinsights_sitenote_note":"","_monsterinsights_sitenote_category":0,"footnotes":""},"class_list":["post-430","page","type-page","status-publish","hentry"],"yoast_head":"<!-- This site is optimized with the Yoast SEO plugin v24.4 - https:\/\/yoast.com\/wordpress\/plugins\/seo\/ -->\n<title>Contact - Restaurant AMA<\/title>\n<meta name=\"description\" content=\"Le Restaurant AMA vous accueille du mercredi au dimanche \u00e0 Cambo-les-Bains. Vous pouvez nous contacter par t\u00e9l\u00e9phone au 0559292229 ou par mail \u00e0 : restaurant-ama@outlook.fr\" \/>\n<meta name=\"robots\" content=\"index, follow, max-snippet:-1, max-image-preview:large, max-video-preview:-1\" \/>\n<link rel=\"canonical\" href=\"https:\/\/restaurant-ama.fr\/index.php\/contact\/\" \/>\n<meta property=\"og:locale\" content=\"fr_FR\" \/>\n<meta property=\"og:type\" content=\"article\" \/>\n<meta property=\"og:title\" content=\"Contact - Restaurant AMA\" \/>\n<meta property=\"og:description\" content=\"Le Restaurant AMA vous accueille du mercredi au dimanche \u00e0 Cambo-les-Bains. Vous pouvez nous contacter par t\u00e9l\u00e9phone au 0559292229 ou par mail \u00e0 : restaurant-ama@outlook.fr\" \/>\n<meta property=\"og:url\" content=\"https:\/\/restaurant-ama.fr\/index.php\/contact\/\" \/>\n<meta property=\"og:site_name\" content=\"Restaurant AMA\" \/>\n<meta property=\"article:publisher\" content=\"https:\/\/www.facebook.com\/restaurant.ama\/\" \/>\n<meta property=\"article:modified_time\" content=\"2026-03-31T18:11:37+00:00\" \/>\n<meta name=\"twitter:card\" content=\"summary_large_image\" \/>\n<meta name=\"twitter:label1\" content=\"Dur\u00e9e de lecture estim\u00e9e\" \/>\n\t<meta name=\"twitter:data1\" content=\"1 minute\" \/>\n<script type=\"application\/ld+json\" class=\"yoast-schema-graph\">{\"@context\":\"https:\/\/schema.org\",\"@graph\":[{\"@type\":\"WebPage\",\"@id\":\"https:\/\/restaurant-ama.fr\/index.php\/contact\/\",\"url\":\"https:\/\/restaurant-ama.fr\/index.php\/contact\/\",\"name\":\"Contact - Restaurant AMA\",\"isPartOf\":{\"@id\":\"https:\/\/restaurant-ama.fr\/#website\"},\"datePublished\":\"2018-08-03T06:46:18+00:00\",\"dateModified\":\"2026-03-31T18:11:37+00:00\",\"description\":\"Le Restaurant AMA vous accueille du mercredi au dimanche \u00e0 Cambo-les-Bains. Vous pouvez nous contacter par t\u00e9l\u00e9phone au 0559292229 ou par mail \u00e0 : restaurant-ama@outlook.fr\",\"breadcrumb\":{\"@id\":\"https:\/\/restaurant-ama.fr\/index.php\/contact\/#breadcrumb\"},\"inLanguage\":\"fr-FR\",\"potentialAction\":[{\"@type\":\"ReadAction\",\"target\":[\"https:\/\/restaurant-ama.fr\/index.php\/contact\/\"]}]},{\"@type\":\"BreadcrumbList\",\"@id\":\"https:\/\/restaurant-ama.fr\/index.php\/contact\/#breadcrumb\",\"itemListElement\":[{\"@type\":\"ListItem\",\"position\":1,\"name\":\"Accueil\",\"item\":\"https:\/\/restaurant-ama.fr\/\"},{\"@type\":\"ListItem\",\"position\":2,\"name\":\"Contact\"}]},{\"@type\":\"WebSite\",\"@id\":\"https:\/\/restaurant-ama.fr\/#website\",\"url\":\"https:\/\/restaurant-ama.fr\/\",\"name\":\"Restaurant AMA\",\"description\":\"Gastronomie au Pays Basque\",\"publisher\":{\"@id\":\"https:\/\/restaurant-ama.fr\/#organization\"},\"potentialAction\":[{\"@type\":\"SearchAction\",\"target\":{\"@type\":\"EntryPoint\",\"urlTemplate\":\"https:\/\/restaurant-ama.fr\/?s={search_term_string}\"},\"query-input\":{\"@type\":\"PropertyValueSpecification\",\"valueRequired\":true,\"valueName\":\"search_term_string\"}}],\"inLanguage\":\"fr-FR\"},{\"@type\":\"Organization\",\"@id\":\"https:\/\/restaurant-ama.fr\/#organization\",\"name\":\"Restaurant AMA\",\"url\":\"https:\/\/restaurant-ama.fr\/\",\"logo\":{\"@type\":\"ImageObject\",\"inLanguage\":\"fr-FR\",\"@id\":\"https:\/\/restaurant-ama.fr\/#\/schema\/logo\/image\/\",\"url\":\"https:\/\/restaurant-ama.fr\/wp-content\/uploads\/2022\/07\/logo.png\",\"contentUrl\":\"https:\/\/restaurant-ama.fr\/wp-content\/uploads\/2022\/07\/logo.png\",\"width\":194,\"height\":206,\"caption\":\"Restaurant AMA\"},\"image\":{\"@id\":\"https:\/\/restaurant-ama.fr\/#\/schema\/logo\/image\/\"},\"sameAs\":[\"https:\/\/www.facebook.com\/restaurant.ama\/\",\"https:\/\/www.instagram.com\/restaurant_ama\/\"]}]}<\/script>\n<!-- \/ Yoast SEO plugin. -->","yoast_head_json":{"title":"Contact - Restaurant AMA","description":"Le Restaurant AMA vous accueille du mercredi au dimanche \u00e0 Cambo-les-Bains. Vous pouvez nous contacter par t\u00e9l\u00e9phone au 0559292229 ou par mail \u00e0 : restaurant-ama@outlook.fr","robots":{"index":"index","follow":"follow","max-snippet":"max-snippet:-1","max-image-preview":"max-image-preview:large","max-video-preview":"max-video-preview:-1"},"canonical":"https:\/\/restaurant-ama.fr\/index.php\/contact\/","og_locale":"fr_FR","og_type":"article","og_title":"Contact - Restaurant AMA","og_description":"Le Restaurant AMA vous accueille du mercredi au dimanche \u00e0 Cambo-les-Bains. Vous pouvez nous contacter par t\u00e9l\u00e9phone au 0559292229 ou par mail \u00e0 : restaurant-ama@outlook.fr","og_url":"https:\/\/restaurant-ama.fr\/index.php\/contact\/","og_site_name":"Restaurant AMA","article_publisher":"https:\/\/www.facebook.com\/restaurant.ama\/","article_modified_time":"2026-03-31T18:11:37+00:00","twitter_card":"summary_large_image","twitter_misc":{"Dur\u00e9e de lecture estim\u00e9e":"1 minute"},"schema":{"@context":"https:\/\/schema.org","@graph":[{"@type":"WebPage","@id":"https:\/\/restaurant-ama.fr\/index.php\/contact\/","url":"https:\/\/restaurant-ama.fr\/index.php\/contact\/","name":"Contact - Restaurant AMA","isPartOf":{"@id":"https:\/\/restaurant-ama.fr\/#website"},"datePublished":"2018-08-03T06:46:18+00:00","dateModified":"2026-03-31T18:11:37+00:00","description":"Le Restaurant AMA vous accueille du mercredi au dimanche \u00e0 Cambo-les-Bains. Vous pouvez nous contacter par t\u00e9l\u00e9phone au 0559292229 ou par mail \u00e0 : restaurant-ama@outlook.fr","breadcrumb":{"@id":"https:\/\/restaurant-ama.fr\/index.php\/contact\/#breadcrumb"},"inLanguage":"fr-FR","potentialAction":[{"@type":"ReadAction","target":["https:\/\/restaurant-ama.fr\/index.php\/contact\/"]}]},{"@type":"BreadcrumbList","@id":"https:\/\/restaurant-ama.fr\/index.php\/contact\/#breadcrumb","itemListElement":[{"@type":"ListItem","position":1,"name":"Accueil","item":"https:\/\/restaurant-ama.fr\/"},{"@type":"ListItem","position":2,"name":"Contact"}]},{"@type":"WebSite","@id":"https:\/\/restaurant-ama.fr\/#website","url":"https:\/\/restaurant-ama.fr\/","name":"Restaurant AMA","description":"Gastronomie au Pays Basque","publisher":{"@id":"https:\/\/restaurant-ama.fr\/#organization"},"potentialAction":[{"@type":"SearchAction","target":{"@type":"EntryPoint","urlTemplate":"https:\/\/restaurant-ama.fr\/?s={search_term_string}"},"query-input":{"@type":"PropertyValueSpecification","valueRequired":true,"valueName":"search_term_string"}}],"inLanguage":"fr-FR"},{"@type":"Organization","@id":"https:\/\/restaurant-ama.fr\/#organization","name":"Restaurant AMA","url":"https:\/\/restaurant-ama.fr\/","logo":{"@type":"ImageObject","inLanguage":"fr-FR","@id":"https:\/\/restaurant-ama.fr\/#\/schema\/logo\/image\/","url":"https:\/\/restaurant-ama.fr\/wp-content\/uploads\/2022\/07\/logo.png","contentUrl":"https:\/\/restaurant-ama.fr\/wp-content\/uploads\/2022\/07\/logo.png","width":194,"height":206,"caption":"Restaurant AMA"},"image":{"@id":"https:\/\/restaurant-ama.fr\/#\/schema\/logo\/image\/"},"sameAs":["https:\/\/www.facebook.com\/restaurant.ama\/","https:\/\/www.instagram.com\/restaurant_ama\/"]}]}},"_links":{"self":[{"href":"https:\/\/restaurant-ama.fr\/index.php\/wp-json\/wp\/v2\/pages\/430","targetHints":{"allow":["GET"]}}],"collection":[{"href":"https:\/\/restaurant-ama.fr\/index.php\/wp-json\/wp\/v2\/pages"}],"about":[{"href":"https:\/\/restaurant-ama.fr\/index.php\/wp-json\/wp\/v2\/types\/page"}],"author":[{"embeddable":true,"href":"https:\/\/restaurant-ama.fr\/index.php\/wp-json\/wp\/v2\/users\/2"}],"replies":[{"embeddable":true,"href":"https:\/\/restaurant-ama.fr\/index.php\/wp-json\/wp\/v2\/comments?post=430"}],"version-history":[{"count":46,"href":"https:\/\/restaurant-ama.fr\/index.php\/wp-json\/wp\/v2\/pages\/430\/revisions"}],"predecessor-version":[{"id":3994,"href":"https:\/\/restaurant-ama.fr\/index.php\/wp-json\/wp\/v2\/pages\/430\/revisions\/3994"}],"wp:attachment":[{"href":"https:\/\/restaurant-ama.fr\/index.php\/wp-json\/wp\/v2\/media?parent=430"}],"curies":[{"name":"wp","href":"https:\/\/api.w.org\/{rel}","templated":true}]}}